{"id":631,"date":"2021-01-30T17:03:34","date_gmt":"2021-01-30T17:03:34","guid":{"rendered":"http:\/\/dedraaien.nl\/reservieren\/"},"modified":"2021-01-31T11:22:14","modified_gmt":"2021-01-31T11:22:14","slug":"reservieren","status":"publish","type":"page","link":"https:\/\/dedraaien.nl\/de\/reservieren\/","title":{"rendered":"Reservieren"},"content":{"rendered":"<div class=\"frm_forms  with_frm_style frm_style_formidable-style\" id=\"frm_form_8_container\" >\n<form enctype=\"multipart\/form-data\" method=\"post\" class=\"frm-show-form  frm_js_validate \" id=\"form_reserverendcc0dd610a\"  >\n<div class=\"frm_form_fields \">\n<fieldset>\n<legend class=\"frm_screen_reader\">Reservieren<\/legend>\r\n<h3 class=\"frm_form_title\">Reservieren<\/h3>\r\n<div class=\"frm_description\"><p>Mit diesem Formular k\u00f6nnen Sie eine Reservierung vornehmen. Wir werden uns so schnell wie m\u00f6glich mit Ihnen in Verbindung setzen, um weitere Details zu besprechen.<\/p>\n<p><i>Bitte beachten Sie!<\/i> \u00dcberpr\u00fcfen Sie die Verf\u00fcgbarkeit f\u00fcr <a href=\"\/de\/verfuegbarkeit-de-bocht\/\"> De Bocht <\/a> oder <a href=\"\/de\/verfuegbarkeit-de-draaien\/\"> De Draaien<\/a>.<\/p>\n<p>Preise und Konditionen finden Sie unter<a href=\"\/de\/preise\/\">Preise<\/a><\/p>\n<p>Ankunftszeit ab 14 Uhr und Abfahrtszeit 10 Uhr<\/p>\n<\/div><div class=\"frm_fields_container\">\n<input type=\"hidden\" name=\"frm_action\" value=\"create\" \/>\n<input type=\"hidden\" name=\"form_id\" value=\"8\" \/>\n<input type=\"hidden\" name=\"frm_hide_fields_8\" id=\"frm_hide_fields_8\" value=\"\" \/>\n<input type=\"hidden\" name=\"form_key\" value=\"reserverendcc0dd610a\" \/>\n<input type=\"hidden\" name=\"item_meta[0]\" value=\"\" \/>\n<input type=\"hidden\" id=\"frm_submit_entry_8\" name=\"frm_submit_entry_8\" value=\"19fc840859\" \/><input type=\"hidden\" name=\"_wp_http_referer\" value=\"\/de\/wp-json\/wp\/v2\/pages\/631\" \/><div id=\"frm_field_55_container\" class=\"frm_form_field form-field  frm_required_field frm_top_container vertical_radio\">\r\n    <div  id=\"field_8ktkf43fd2c866_label\" class=\"frm_primary_label\">Reservierung f\u00fcr welche Wohnung\r\n        <span class=\"frm_required\">*<\/span>\r\n    <\/div>\r\n    <div class=\"frm_opt_container\" aria-labelledby=\"field_8ktkf43fd2c866_label\" role=\"group\">\t\t<div class=\"frm_radio\" id=\"frm_radio_55-0\"><label for=\"field_8ktkf43fd2c866-0\">\t\t<input type=\"radio\" name=\"item_meta[55]\" id=\"field_8ktkf43fd2c866-0\" value=\"De Draaien\"\n\t\t   data-reqmsg=\"Dit veld mag niet leeg zijn.\" aria-required=\"true\" data-invmsg=\"Reservierung f\u00fcr welche Wohnung ist ung\u00fcltig\" aria-invalid=\"false\"  \/> De Draaien<\/label><\/div>\n\t\t<div class=\"frm_radio\" id=\"frm_radio_55-1\"><label for=\"field_8ktkf43fd2c866-1\">\t\t<input type=\"radio\" name=\"item_meta[55]\" id=\"field_8ktkf43fd2c866-1\" value=\"De Bocht\"\n\t\t   data-reqmsg=\"Dit veld mag niet leeg zijn.\" aria-required=\"true\" data-invmsg=\"Reservierung f\u00fcr welche Wohnung ist ung\u00fcltig\" aria-invalid=\"false\"  \/> De Bocht<\/label><\/div>\n<\/div>\r\n    \r\n    \r\n<\/div>\n<div id=\"frm_field_56_container\" class=\"frm_form_field form-field  frm_required_field frm_top_container\">\r\n    <label for=\"field_h6ea0aeb9d9409\" id=\"field_h6ea0aeb9d9409_label\" class=\"frm_primary_label\">Datum der Ankunft\r\n        <span class=\"frm_required\">*<\/span>\r\n    <\/label>\r\n    <input type=\"text\" id=\"field_h6ea0aeb9d9409\" name=\"item_meta[56]\" value=\"\"  data-reqmsg=\"Dit veld mag niet leeg zijn.\" aria-required=\"true\" data-invmsg=\"Tekst is ongeldig\" aria-invalid=\"false\"  \/>\r\n    \r\n    \r\n<\/div>\n<div id=\"frm_field_57_container\" class=\"frm_form_field form-field  frm_required_field frm_top_container\">\r\n    <label for=\"field_kg7n97ccd8e4cba\" id=\"field_kg7n97ccd8e4cba_label\" class=\"frm_primary_label\">Abreisedatum\r\n        <span class=\"frm_required\">*<\/span>\r\n    <\/label>\r\n    <input type=\"text\" id=\"field_kg7n97ccd8e4cba\" name=\"item_meta[57]\" value=\"\"  data-reqmsg=\"Dit veld mag niet leeg zijn.\" aria-required=\"true\" data-invmsg=\"Tekst is ongeldig\" aria-invalid=\"false\"  \/>\r\n    \r\n    \r\n<\/div>\n<div id=\"frm_field_58_container\" class=\"frm_form_field form-field  frm_required_field frm_top_container\">\r\n    <label for=\"field_7hnmy25617cd806\" id=\"field_7hnmy25617cd806_label\" class=\"frm_primary_label\">Name\r\n        <span class=\"frm_required\">*<\/span>\r\n    <\/label>\r\n    <input type=\"text\" id=\"field_7hnmy25617cd806\" name=\"item_meta[58]\" value=\"\"  data-reqmsg=\"Dit veld mag niet leeg zijn.\" aria-required=\"true\" data-invmsg=\"Tekst is ongeldig\" aria-invalid=\"false\"  \/>\r\n    \r\n    \r\n<\/div>\n<div id=\"frm_field_59_container\" class=\"frm_form_field form-field  frm_required_field frm_top_container\">\r\n    <label for=\"field_y0whhb1d791c718\" id=\"field_y0whhb1d791c718_label\" class=\"frm_primary_label\">Adresse\r\n        <span class=\"frm_required\">*<\/span>\r\n    <\/label>\r\n    <input type=\"text\" id=\"field_y0whhb1d791c718\" name=\"item_meta[59]\" value=\"\"  data-reqmsg=\"Dit veld mag niet leeg zijn.\" aria-required=\"true\" data-invmsg=\"Tekst is ongeldig\" aria-invalid=\"false\"  \/>\r\n    \r\n    \r\n<\/div>\n<div id=\"frm_field_60_container\" class=\"frm_form_field form-field  frm_required_field frm_top_container\">\r\n    <label for=\"field_x2pz433358a4563\" id=\"field_x2pz433358a4563_label\" class=\"frm_primary_label\">Postleitzahl\r\n        <span class=\"frm_required\">*<\/span>\r\n    <\/label>\r\n    <input type=\"text\" id=\"field_x2pz433358a4563\" name=\"item_meta[60]\" value=\"\"  data-reqmsg=\"Dit veld mag niet leeg zijn.\" aria-required=\"true\" data-invmsg=\"Tekst is ongeldig\" aria-invalid=\"false\"  \/>\r\n    \r\n    \r\n<\/div>\n<div id=\"frm_field_61_container\" class=\"frm_form_field form-field  frm_required_field frm_top_container\">\r\n    <label for=\"field_smca723bc5b6c3f\" id=\"field_smca723bc5b6c3f_label\" class=\"frm_primary_label\">Residenz\r\n        <span class=\"frm_required\">*<\/span>\r\n    <\/label>\r\n    <input type=\"text\" id=\"field_smca723bc5b6c3f\" name=\"item_meta[61]\" value=\"\"  data-reqmsg=\"Dit veld mag niet leeg zijn.\" aria-required=\"true\" data-invmsg=\"Tekst is ongeldig\" aria-invalid=\"false\"  \/>\r\n    \r\n    \r\n<\/div>\n<div id=\"frm_field_62_container\" class=\"frm_form_field form-field  frm_required_field frm_top_container\">\r\n    <label for=\"field_c27my6f9bea08e1\" id=\"field_c27my6f9bea08e1_label\" class=\"frm_primary_label\">Telefonnummer\r\n        <span class=\"frm_required\">*<\/span>\r\n    <\/label>\r\n    <input type=\"tel\" id=\"field_c27my6f9bea08e1\" name=\"item_meta[62]\" value=\"\"  data-reqmsg=\"Dit veld mag niet leeg zijn.\" aria-required=\"true\" data-invmsg=\"Phone is ongeldig\" aria-invalid=\"false\" pattern=\"((\\+\\d{1,3}(-|.| )?\\(?\\d\\)?(-| |.)?\\d{1,5})|(\\(?\\d{2,6}\\)?))(-|.| )?(\\d{3,4})(-|.| )?(\\d{4})(( x| ext)\\d{1,5}){0,1}$\"  \/>\r\n    \r\n    \r\n<\/div>\n<div id=\"frm_field_63_container\" class=\"frm_form_field form-field  frm_required_field frm_top_container\">\r\n    <label for=\"field_j2d8o3fe3fbd01b\" id=\"field_j2d8o3fe3fbd01b_label\" class=\"frm_primary_label\">E-Mail-Addresse\r\n        <span class=\"frm_required\">*<\/span>\r\n    <\/label>\r\n    <input type=\"email\" id=\"field_j2d8o3fe3fbd01b\" name=\"item_meta[63]\" value=\"\"  data-reqmsg=\"Dit veld mag niet leeg zijn.\" aria-required=\"true\" data-invmsg=\"Email adres is ongeldig\" aria-invalid=\"false\"  \/>\r\n    \r\n    \r\n<\/div>\n<div id=\"frm_field_64_container\" class=\"frm_form_field form-field  frm_none_container\">\r\n    <label for=\"g-recaptcha-response\" id=\"field_6r469d873bbdca4_label\" class=\"frm_primary_label\">reCAPTCHA\r\n        <span class=\"frm_required\"><\/span>\r\n    <\/label>\r\n    <div id=\"field_6r469d873bbdca4\" class=\"frm-g-recaptcha\" data-sitekey=\"6LdfVzYaAAAAAAm6l_kxPv8tOXDjyj-6b3nlVGd5\" data-size=\"invisible\" data-theme=\"light\"><\/div>\r\n    \r\n    \r\n<\/div>\n\t<input type=\"hidden\" name=\"item_key\" value=\"\" \/>\n\t<div class=\"frm_submit\">\r\n\r\n<button class=\"frm_button_submit\" type=\"submit\"  >Senden<\/button>\r\n\r\n<\/div><\/div>\n<\/fieldset>\n<\/div>\n<p style=\"display: none !important;\"><label>&#916;<textarea name=\"ak_hp_textarea\" cols=\"45\" rows=\"8\" maxlength=\"100\"><\/textarea><\/label><input type=\"hidden\" id=\"ak_js_1\" name=\"ak_js\" value=\"223\"\/><script>document.getElementById( \"ak_js_1\" ).setAttribute( \"value\", ( new Date() ).getTime() );<\/script><\/p><\/form>\n<\/div>\n\n","protected":false},"excerpt":{"rendered":"","protected":false},"author":1,"featured_media":0,"parent":0,"menu_order":0,"comment_status":"closed","ping_status":"closed","template":"","meta":[],"_links":{"self":[{"href":"https:\/\/dedraaien.nl\/de\/wp-json\/wp\/v2\/pages\/631"}],"collection":[{"href":"https:\/\/dedraaien.nl\/de\/wp-json\/wp\/v2\/pages"}],"about":[{"href":"https:\/\/dedraaien.nl\/de\/wp-json\/wp\/v2\/types\/page"}],"author":[{"embeddable":true,"href":"https:\/\/dedraaien.nl\/de\/wp-json\/wp\/v2\/users\/1"}],"replies":[{"embeddable":true,"href":"https:\/\/dedraaien.nl\/de\/wp-json\/wp\/v2\/comments?post=631"}],"version-history":[{"count":6,"href":"https:\/\/dedraaien.nl\/de\/wp-json\/wp\/v2\/pages\/631\/revisions"}],"predecessor-version":[{"id":836,"href":"https:\/\/dedraaien.nl\/de\/wp-json\/wp\/v2\/pages\/631\/revisions\/836"}],"wp:attachment":[{"href":"https:\/\/dedraaien.nl\/de\/wp-json\/wp\/v2\/media?parent=631"}],"curies":[{"name":"wp","href":"https:\/\/api.w.org\/{rel}","templated":true}]}}