{"id":633,"date":"2021-01-30T17:03:35","date_gmt":"2021-01-30T17:03:35","guid":{"rendered":"http:\/\/dedraaien.nl\/preise\/"},"modified":"2024-01-18T14:46:41","modified_gmt":"2024-01-18T14:46:41","slug":"preise","status":"publish","type":"page","link":"https:\/\/dedraaien.nl\/de\/preise\/","title":{"rendered":"Preise"},"content":{"rendered":"\n<h2>Preise<\/h2>\n\n<p><span style=\"text-decoration: underline;\">Bis 2024<\/span><br\/><strong>Woche<\/strong>: \u20ac350<br\/><strong>Mitte der Woche<\/strong>: \u20ac230<br\/><strong>Wochenende<\/strong>: \u20ac200<\/p>\n\n<p><em><strong>Passt auf!<\/strong> Die Preise \u00fcber diese Website k\u00f6nnen von Buchungen \u00fcber externe Systeme (Airbnb, Op-Terschelling) abweichen. Dies ist auf verschiedene Bedingungen und Servicegeb\u00fchren zur\u00fcckzuf\u00fchren. Buchungen k\u00f6nnen wir leider nicht mehr \u00e4ndern. Es steht Ihnen nat\u00fcrlich frei (wenn m\u00f6glich), das f\u00fcr Sie am besten geeignete oder vorteilhafteste Buchungssystem zu verwenden.<\/em><\/p>\n\n<p><strong>Zus\u00e4tzliche Kosten<\/strong><br\/>Die Kurtaxe 2024 betr\u00e4gt 2,10 \u20ac pro Person und Nacht (sowohl f\u00fcr Kinder als auch f\u00fcr Erwachsene). (Nicht im Preis inbegriffen)<\/p>\n\n<p>Es fallen keine zus\u00e4tzlichen Reinigungskosten an, daf\u00fcr m\u00fcssen <span style=\"text-decoration: underline;\">Sie das Appartement selber sauber machen.<\/span><\/p>\n\n<p>Bettw\u00e4sche ist in der Miete enthalten. Die Bettw\u00e4sche wird durch uns geliefert.<\/p>\n\n<p>Eine Anzahlung ist <em>nicht<\/em> erforderlich<\/p>\n\n<p>Haustiere sind leider nicht erlaubt.<\/p>\n\n<p><\/p>\n\n<p><\/p>\n","protected":false},"excerpt":{"rendered":"<p>Preise Bis 2024Woche: \u20ac350Mitte der Woche: \u20ac230Wochenende: \u20ac200 Passt auf! Die Preise \u00fcber diese Website k\u00f6nnen von Buchungen \u00fcber externe Systeme (Airbnb, Op-Terschelling) abweichen. Dies ist auf verschiedene Bedingungen und Servicegeb\u00fchren zur\u00fcckzuf\u00fchren. Buchungen k\u00f6nnen wir leider nicht mehr \u00e4ndern. Es &hellip; <a href=\"https:\/\/dedraaien.nl\/de\/preise\/\">Read More<\/a><\/p>\n","protected":false},"author":1,"featured_media":0,"parent":0,"menu_order":0,"comment_status":"closed","ping_status":"closed","template":"","meta":[],"_links":{"self":[{"href":"https:\/\/dedraaien.nl\/de\/wp-json\/wp\/v2\/pages\/633"}],"collection":[{"href":"https:\/\/dedraaien.nl\/de\/wp-json\/wp\/v2\/pages"}],"about":[{"href":"https:\/\/dedraaien.nl\/de\/wp-json\/wp\/v2\/types\/page"}],"author":[{"embeddable":true,"href":"https:\/\/dedraaien.nl\/de\/wp-json\/wp\/v2\/users\/1"}],"replies":[{"embeddable":true,"href":"https:\/\/dedraaien.nl\/de\/wp-json\/wp\/v2\/comments?post=633"}],"version-history":[{"count":28,"href":"https:\/\/dedraaien.nl\/de\/wp-json\/wp\/v2\/pages\/633\/revisions"}],"predecessor-version":[{"id":1157,"href":"https:\/\/dedraaien.nl\/de\/wp-json\/wp\/v2\/pages\/633\/revisions\/1157"}],"wp:attachment":[{"href":"https:\/\/dedraaien.nl\/de\/wp-json\/wp\/v2\/media?parent=633"}],"curies":[{"name":"wp","href":"https:\/\/api.w.org\/{rel}","templated":true}]}}