{"id":635,"date":"2021-01-30T17:03:35","date_gmt":"2021-01-30T17:03:35","guid":{"rendered":"http:\/\/dedraaien.nl\/haus-auf-terschelling\/"},"modified":"2024-01-18T14:47:03","modified_gmt":"2024-01-18T14:47:03","slug":"haus-auf-terschelling","status":"publish","type":"page","link":"https:\/\/dedraaien.nl\/de\/","title":{"rendered":"Haus auf Terschelling"},"content":{"rendered":"\t\t<div data-elementor-type=\"wp-post\" data-elementor-id=\"635\" class=\"elementor elementor-635 elementor-70\" data-elementor-settings=\"[]\">\n\t\t\t\t\t\t<div class=\"elementor-inner\">\n\t\t\t\t\t\t\t<div class=\"elementor-section-wrap\">\n\t\t\t\t\t\t\t<section class=\"elementor-section elementor-top-section elementor-element elementor-element-6107c949 elementor-section-full_width elementor-section-height-min-height elementor-section-height-default elementor-section-items-middle\" data-id=\"6107c949\" data-element_type=\"section\" data-settings=\"{&quot;background_background&quot;:&quot;slideshow&quot;,&quot;background_slideshow_gallery&quot;:[{&quot;id&quot;:357,&quot;url&quot;:&quot;http:\\\/\\\/dedraaien.nl\\\/wp-content\\\/uploads\\\/2020\\\/12\\\/untitled-1-of-13-scaled.jpg&quot;},{&quot;id&quot;:364,&quot;url&quot;:&quot;http:\\\/\\\/dedraaien.nl\\\/wp-content\\\/uploads\\\/2020\\\/12\\\/untitled-9-of-13-scaled.jpg&quot;},{&quot;id&quot;:265,&quot;url&quot;:&quot;http:\\\/\\\/dedraaien.nl\\\/wp-content\\\/uploads\\\/2020\\\/07\\\/HuisGossenBos-scaled.jpeg&quot;},{&quot;id&quot;:367,&quot;url&quot;:&quot;http:\\\/\\\/dedraaien.nl\\\/wp-content\\\/uploads\\\/2020\\\/12\\\/untitled-12-of-13-scaled.jpg&quot;},{&quot;id&quot;:362,&quot;url&quot;:&quot;http:\\\/\\\/dedraaien.nl\\\/wp-content\\\/uploads\\\/2020\\\/12\\\/untitled-7-of-13-scaled.jpg&quot;},{&quot;id&quot;:363,&quot;url&quot;:&quot;http:\\\/\\\/dedraaien.nl\\\/wp-content\\\/uploads\\\/2020\\\/12\\\/untitled-8-of-13-scaled.jpg&quot;}],&quot;background_slideshow_slide_transition&quot;:&quot;slide_left&quot;,&quot;background_slideshow_slide_duration&quot;:2500,&quot;background_slideshow_transition_duration&quot;:1000,&quot;background_slideshow_loop&quot;:&quot;yes&quot;}\">\n\t\t\t\t\t\t\t<div class=\"elementor-background-overlay\"><\/div>\n\t\t\t\t\t\t\t<div class=\"elementor-container elementor-column-gap-default\">\n\t\t\t\t\t\t\t<div class=\"elementor-row\">\n\t\t\t\t\t<div class=\"elementor-column elementor-col-100 elementor-top-column elementor-element elementor-element-123fbc50\" data-id=\"123fbc50\" data-element_type=\"column\">\n\t\t\t<div class=\"elementor-column-wrap elementor-element-populated\">\n\t\t\t\t\t\t\t<div class=\"elementor-widget-wrap\">\n\t\t\t\t\t\t<div class=\"elementor-element elementor-element-ba7d216 elementor-widget elementor-widget-spacer\" data-id=\"ba7d216\" data-element_type=\"widget\" data-widget_type=\"spacer.default\">\n\t\t\t\t<div class=\"elementor-widget-container\">\n\t\t\t\t\t<div class=\"elementor-spacer\">\n\t\t\t<div class=\"elementor-spacer-inner\"><\/div>\n\t\t<\/div>\n\t\t\t\t<\/div>\n\t\t\t\t<\/div>\n\t\t\t\t<div class=\"elementor-element elementor-element-3cc8666b elementor-view-default elementor-position-top elementor-invisible elementor-widget elementor-widget-themo-header\" data-id=\"3cc8666b\" data-element_type=\"widget\" data-settings=\"{&quot;_animation&quot;:&quot;fadeIn&quot;}\" data-widget_type=\"themo-header.default\">\n\t\t\t\t<div class=\"elementor-widget-container\">\n\t\t\t\t\t<div class=\"th-header-wrap\">\n        <div class=\"elementor-icon-box-wrapper \">\n                            <div class=\"elementor-icon-box-content\">\n                    <h1 class=\"elementor-icon-box-title\">\n                        DIE DREHUNGEN - DIE DREHUNG                    <\/h1>\n                                        <p class=\"elementor-icon-box-description\">2-Personen-Apartments f\u00fcr 350 \u20ac pro Woche<\/p>\n\n                                    <\/div>\n            <\/div>\n\n        <\/div>\n\n\t\t\t\t<\/div>\n\t\t\t\t<\/div>\n\t\t\t\t<div class=\"elementor-element elementor-element-50afa08 elementor-widget elementor-widget-spacer\" data-id=\"50afa08\" data-element_type=\"widget\" data-widget_type=\"spacer.default\">\n\t\t\t\t<div class=\"elementor-widget-container\">\n\t\t\t\t\t<div class=\"elementor-spacer\">\n\t\t\t<div class=\"elementor-spacer-inner\"><\/div>\n\t\t<\/div>\n\t\t\t\t<\/div>\n\t\t\t\t<\/div>\n\t\t\t\t\t\t<\/div>\n\t\t\t\t\t<\/div>\n\t\t<\/div>\n\t\t\t\t\t\t\t\t<\/div>\n\t\t\t\t\t<\/div>\n\t\t<\/section>\n\t\t\t\t<section class=\"elementor-section elementor-top-section elementor-element elementor-element-4e025a97 elementor-section-boxed elementor-section-height-default elementor-section-height-default\" data-id=\"4e025a97\" data-element_type=\"section\" data-settings=\"{&quot;background_background&quot;:&quot;classic&quot;}\">\n\t\t\t\t\t\t<div class=\"elementor-container elementor-column-gap-default\">\n\t\t\t\t\t\t\t<div class=\"elementor-row\">\n\t\t\t\t\t<div class=\"elementor-column elementor-col-100 elementor-top-column elementor-element elementor-element-74560589\" data-id=\"74560589\" data-element_type=\"column\">\n\t\t\t<div class=\"elementor-column-wrap elementor-element-populated\">\n\t\t\t\t\t\t\t<div class=\"elementor-widget-wrap\">\n\t\t\t\t\t\t<div class=\"elementor-element elementor-element-578d348d elementor-widget elementor-widget-spacer\" data-id=\"578d348d\" data-element_type=\"widget\" data-widget_type=\"spacer.default\">\n\t\t\t\t<div class=\"elementor-widget-container\">\n\t\t\t\t\t<div class=\"elementor-spacer\">\n\t\t\t<div class=\"elementor-spacer-inner\"><\/div>\n\t\t<\/div>\n\t\t\t\t<\/div>\n\t\t\t\t<\/div>\n\t\t\t\t<div class=\"elementor-element elementor-element-4221af7d elementor-view-default elementor-position-top elementor-widget elementor-widget-themo-header\" data-id=\"4221af7d\" data-element_type=\"widget\" data-widget_type=\"themo-header.default\">\n\t\t\t\t<div class=\"elementor-widget-container\">\n\t\t\t\t\t<div class=\"th-header-wrap\">\n        <div class=\"elementor-icon-box-wrapper \">\n                            <div class=\"elementor-icon-box-content\">\n                    <h2 class=\"elementor-icon-box-title\">\n                        UNSERE WOHNUNGEN                     <\/h2>\n                                            <span class=\"th-header-divider\"><\/span>\n                                        <p class=\"elementor-icon-box-description\">Erschwingliche 2-Personen-Apartments auf Terschelling<\/p>\n\n                                    <\/div>\n            <\/div>\n\n        <\/div>\n\n\t\t\t\t<\/div>\n\t\t\t\t<\/div>\n\t\t\t\t<div class=\"elementor-element elementor-element-442e16d elementor-widget elementor-widget-spacer\" data-id=\"442e16d\" data-element_type=\"widget\" data-widget_type=\"spacer.default\">\n\t\t\t\t<div class=\"elementor-widget-container\">\n\t\t\t\t\t<div class=\"elementor-spacer\">\n\t\t\t<div class=\"elementor-spacer-inner\"><\/div>\n\t\t<\/div>\n\t\t\t\t<\/div>\n\t\t\t\t<\/div>\n\t\t\t\t<div class=\"elementor-element elementor-element-3a3e263 elementor-widget elementor-widget-text-editor\" data-id=\"3a3e263\" data-element_type=\"widget\" data-widget_type=\"text-editor.default\">\n\t\t\t\t<div class=\"elementor-widget-container\">\n\t\t\t\t\t\t\t\t<div class=\"elementor-text-editor elementor-clearfix\">\n\t\t\t\t\t<p class=\"p3\">Mitten in Terschelling, in der Stadt Formerum, vermieten wir zwei Wohnungen, De Bocht und De Draaien. Wohnungen werden schon ab 200 \u20ac pro Wochenende vermietet.  <\/p>\n<p class=\"p3\">De Bocht und De Draaien befinden sich nebeneinander ger\u00e4umige 2-Personen-Apartments mit eigenen sanit\u00e4ren Einrichtungen, offener K\u00fcche und eigener Terrasse.<\/p>\n<p>Beide Apartments befinden sich in einem gesch\u00fctzten Garten mit eigener geschlossener Terrasse mit Gartenm\u00f6beln. Die Entfernung zum Strand betr\u00e4gt 1500 Meter.<\/p>\n\t\t\t\t\t<\/div>\n\t\t\t\t\t\t<\/div>\n\t\t\t\t<\/div>\n\t\t\t\t<div class=\"elementor-element elementor-element-50d11446 elementor-widget elementor-widget-spacer\" data-id=\"50d11446\" data-element_type=\"widget\" data-widget_type=\"spacer.default\">\n\t\t\t\t<div class=\"elementor-widget-container\">\n\t\t\t\t\t<div class=\"elementor-spacer\">\n\t\t\t<div class=\"elementor-spacer-inner\"><\/div>\n\t\t<\/div>\n\t\t\t\t<\/div>\n\t\t\t\t<\/div>\n\t\t\t\t\t\t<\/div>\n\t\t\t\t\t<\/div>\n\t\t<\/div>\n\t\t\t\t\t\t\t\t<\/div>\n\t\t\t\t\t<\/div>\n\t\t<\/section>\n\t\t\t\t<section class=\"elementor-section elementor-top-section elementor-element elementor-element-c7131ce elementor-section-full_width elementor-section-height-default elementor-section-height-default\" data-id=\"c7131ce\" data-element_type=\"section\" data-settings=\"{&quot;background_background&quot;:&quot;classic&quot;}\">\n\t\t\t\t\t\t<div class=\"elementor-container elementor-column-gap-default\">\n\t\t\t\t\t\t\t<div class=\"elementor-row\">\n\t\t\t\t\t<div class=\"elementor-column elementor-col-100 elementor-top-column elementor-element elementor-element-227c1c4\" data-id=\"227c1c4\" data-element_type=\"column\">\n\t\t\t<div class=\"elementor-column-wrap\">\n\t\t\t\t\t\t\t<div class=\"elementor-widget-wrap\">\n\t\t\t\t\t\t\t\t<\/div>\n\t\t\t\t\t<\/div>\n\t\t<\/div>\n\t\t\t\t\t\t\t\t<\/div>\n\t\t\t\t\t<\/div>\n\t\t<\/section>\n\t\t\t\t<section class=\"elementor-section elementor-top-section elementor-element elementor-element-7ec01cd0 elementor-section-boxed elementor-section-height-default elementor-section-height-default\" data-id=\"7ec01cd0\" data-element_type=\"section\" data-settings=\"{&quot;background_background&quot;:&quot;classic&quot;}\">\n\t\t\t\t\t\t<div class=\"elementor-container elementor-column-gap-default\">\n\t\t\t\t\t\t\t<div class=\"elementor-row\">\n\t\t\t\t\t<div class=\"elementor-column elementor-col-100 elementor-top-column elementor-element elementor-element-2436f29\" data-id=\"2436f29\" data-element_type=\"column\">\n\t\t\t<div class=\"elementor-column-wrap elementor-element-populated\">\n\t\t\t\t\t\t\t<div class=\"elementor-widget-wrap\">\n\t\t\t\t\t\t<div class=\"elementor-element elementor-element-160ee281 elementor-widget elementor-widget-menu-anchor\" data-id=\"160ee281\" data-element_type=\"widget\" data-widget_type=\"menu-anchor.default\">\n\t\t\t\t<div class=\"elementor-widget-container\">\n\t\t\t\t\t<div id=\"rmisch\" class=\"elementor-menu-anchor\"><\/div>\n\t\t\t\t<\/div>\n\t\t\t\t<\/div>\n\t\t\t\t<div class=\"elementor-element elementor-element-039566e elementor-widget elementor-widget-spacer\" data-id=\"039566e\" data-element_type=\"widget\" data-widget_type=\"spacer.default\">\n\t\t\t\t<div class=\"elementor-widget-container\">\n\t\t\t\t\t<div class=\"elementor-spacer\">\n\t\t\t<div class=\"elementor-spacer-inner\"><\/div>\n\t\t<\/div>\n\t\t\t\t<\/div>\n\t\t\t\t<\/div>\n\t\t\t\t<div class=\"elementor-element elementor-element-49e2e5ce elementor-view-default elementor-position-top elementor-widget elementor-widget-themo-header\" data-id=\"49e2e5ce\" data-element_type=\"widget\" data-widget_type=\"themo-header.default\">\n\t\t\t\t<div class=\"elementor-widget-container\">\n\t\t\t\t\t<div class=\"th-header-wrap\">\n        <div class=\"elementor-icon-box-wrapper \">\n                            <div class=\"elementor-icon-box-content\">\n                    <h2 class=\"elementor-icon-box-title\">\n                        WOHNUNGEN                    <\/h2>\n                                            <span class=\"th-header-divider\"><\/span>\n                                        <p class=\"elementor-icon-box-description\"><\/p>\n\n                                    <\/div>\n            <\/div>\n\n        <\/div>\n\n\t\t\t\t<\/div>\n\t\t\t\t<\/div>\n\t\t\t\t<div class=\"elementor-element elementor-element-f754b2c elementor-widget elementor-widget-themo-accommodation-grid\" data-id=\"f754b2c\" data-element_type=\"widget\" data-widget_type=\"themo-accommodation-grid.default\">\n\t\t\t\t<div class=\"elementor-widget-container\">\n\t\t\t\n                <div id=\"th-portfolio-content-69dc16b3a2a74\" class=\"th-portfolio\">\n\n            \n            <div id=\"th-portfolio-row\" class=\"th-portfolio-row row portfolio_content  two-columns th-port-gutter th-port-style-2 display-flex\">\n\n                                        <div id=\"post-843\" class=\"th-portfolio-item item col-sm-6 post-843 mphb_room_type type-mphb_room_type status-publish format-standard has-post-thumbnail hentry mphb-room-type-adults-2 mphb-room-type-children-0 \">\n\n                                                        <div class=\"th-port-card th-port-card-default\">\n                                <a href=\"https:\/\/dedraaien.nl\/de\/accommodation\/de-draaien\/\" class=\"th-port-card-link\" >                                <span class=\"th-port-card-img\">\n                                                            <img width=\"605\" height=\"605\" src=\"https:\/\/i0.wp.com\/dedraaien.nl\/wp-content\/uploads\/2020\/12\/untitled-6-of-13-scaled.jpg?resize=605%2C605&amp;ssl=1\" class=\"img-responsive th-port-img wp-post-image\" alt=\"\" loading=\"lazy\" \/>                                                                    <div class=\"th-port-card-caption th-pricing-cost\"><p>320 \u20ac\/Woche<\/p><\/div>                                    <\/span>\n                                    <span class=\"th-port-card-body\">\n                                      <h3 class=\"th-port-title\">Wohnung &#039;De Draaien&#039;<\/h3>\n                                      <p class=\"th-port-sub th-else\">2-Personen Wohnung<\/p>                                    <\/span>\n                                    <\/a>\n                                <\/div>\n\n                                                        <\/div>\n                                                <div id=\"post-853\" class=\"th-portfolio-item item col-sm-6 post-853 mphb_room_type type-mphb_room_type status-publish format-standard has-post-thumbnail hentry mphb-room-type-adults-2 mphb-room-type-children-0 \">\n\n                                                        <div class=\"th-port-card th-port-card-default\">\n                                <a href=\"https:\/\/dedraaien.nl\/de\/accommodation\/de-bocht\/\" class=\"th-port-card-link\" >                                <span class=\"th-port-card-img\">\n                                                            <img width=\"605\" height=\"605\" src=\"https:\/\/i0.wp.com\/dedraaien.nl\/wp-content\/uploads\/2021\/01\/TerrasMetStoelen-scaled.jpeg?resize=605%2C605&amp;ssl=1\" class=\"img-responsive th-port-img wp-post-image\" alt=\"\" loading=\"lazy\" \/>                                                                    <div class=\"th-port-card-caption th-pricing-cost\"><p>320 \u20ac\/Woche<\/p><\/div>                                    <\/span>\n                                    <span class=\"th-port-card-body\">\n                                      <h3 class=\"th-port-title\">Wohnung &#039;De Bocht&#039;<\/h3>\n                                      <p class=\"th-port-sub th-else\">2-Personen Wohnung<\/p>                                    <\/span>\n                                    <\/a>\n                                <\/div>\n\n                                                        <\/div>\n                        \n            <\/div>\n\n        <\/div>\n\n        \t\t<\/div>\n\t\t\t\t<\/div>\n\t\t\t\t<div class=\"elementor-element elementor-element-672c2e46 elementor-widget elementor-widget-spacer\" data-id=\"672c2e46\" data-element_type=\"widget\" data-widget_type=\"spacer.default\">\n\t\t\t\t<div class=\"elementor-widget-container\">\n\t\t\t\t\t<div class=\"elementor-spacer\">\n\t\t\t<div class=\"elementor-spacer-inner\"><\/div>\n\t\t<\/div>\n\t\t\t\t<\/div>\n\t\t\t\t<\/div>\n\t\t\t\t\t\t<\/div>\n\t\t\t\t\t<\/div>\n\t\t<\/div>\n\t\t\t\t\t\t\t\t<\/div>\n\t\t\t\t\t<\/div>\n\t\t<\/section>\n\t\t\t\t<section class=\"elementor-section elementor-top-section elementor-element elementor-element-6be695e2 elementor-section-boxed elementor-section-height-default elementor-section-height-default\" data-id=\"6be695e2\" data-element_type=\"section\" data-settings=\"{&quot;background_background&quot;:&quot;classic&quot;}\">\n\t\t\t\t\t\t<div class=\"elementor-container elementor-column-gap-default\">\n\t\t\t\t\t\t\t<div class=\"elementor-row\">\n\t\t\t\t\t<div class=\"elementor-column elementor-col-100 elementor-top-column elementor-element elementor-element-70c2e358\" data-id=\"70c2e358\" data-element_type=\"column\">\n\t\t\t<div class=\"elementor-column-wrap elementor-element-populated\">\n\t\t\t\t\t\t\t<div class=\"elementor-widget-wrap\">\n\t\t\t\t\t\t<div class=\"elementor-element elementor-element-0473a6d elementor-widget elementor-widget-spacer\" data-id=\"0473a6d\" data-element_type=\"widget\" data-widget_type=\"spacer.default\">\n\t\t\t\t<div class=\"elementor-widget-container\">\n\t\t\t\t\t<div class=\"elementor-spacer\">\n\t\t\t<div class=\"elementor-spacer-inner\"><\/div>\n\t\t<\/div>\n\t\t\t\t<\/div>\n\t\t\t\t<\/div>\n\t\t\t\t<div class=\"elementor-element elementor-element-78cd4ca4 elementor-widget elementor-widget-themo-call-to-action\" data-id=\"78cd4ca4\" data-element_type=\"widget\" data-widget_type=\"themo-call-to-action.default\">\n\t\t\t\t<div class=\"elementor-widget-container\">\n\t\t\t\t\t<div class=\"th-cta\">\n\t\t\t\t\t        <div class=\"th-cta-text\">\n\t\t            <span>Verf\u00fcgbarkeit pr\u00fcfen<\/span>\n\t\t        <\/div>\n\t\t    \n                        <div class=\"th-cta-btn\">\n\n                                    <a class=\"btn-1 btn th-btn btn-ghost-light\" href=\"\/beschikbaarheid-debocht\">\n                                                    Wohnung De Bocht                                            <\/a>\n                \n                                    <a class=\"btn-2 btn th-btn btn-ghost-light\" href=\"\/beschikbaarheid-dedraaien\">\n                                                    Wohnung De Draaien                                            <\/a>\n                            <\/div>\n            \t\t<\/div>\n\t\t\t\t<\/div>\n\t\t\t\t<\/div>\n\t\t\t\t<div class=\"elementor-element elementor-element-5b3c0eb elementor-widget elementor-widget-spacer\" data-id=\"5b3c0eb\" data-element_type=\"widget\" data-widget_type=\"spacer.default\">\n\t\t\t\t<div class=\"elementor-widget-container\">\n\t\t\t\t\t<div class=\"elementor-spacer\">\n\t\t\t<div class=\"elementor-spacer-inner\"><\/div>\n\t\t<\/div>\n\t\t\t\t<\/div>\n\t\t\t\t<\/div>\n\t\t\t\t\t\t<\/div>\n\t\t\t\t\t<\/div>\n\t\t<\/div>\n\t\t\t\t\t\t\t\t<\/div>\n\t\t\t\t\t<\/div>\n\t\t<\/section>\n\t\t\t\t<section class=\"elementor-section elementor-top-section elementor-element elementor-element-b2c7f6d elementor-section-boxed elementor-section-height-default elementor-section-height-default\" data-id=\"b2c7f6d\" data-element_type=\"section\">\n\t\t\t\t\t\t<div class=\"elementor-container elementor-column-gap-default\">\n\t\t\t\t\t\t\t<div class=\"elementor-row\">\n\t\t\t\t\t<div class=\"elementor-column elementor-col-100 elementor-top-column elementor-element elementor-element-b1785ed\" data-id=\"b1785ed\" data-element_type=\"column\">\n\t\t\t<div class=\"elementor-column-wrap elementor-element-populated\">\n\t\t\t\t\t\t\t<div class=\"elementor-widget-wrap\">\n\t\t\t\t\t\t<div class=\"elementor-element elementor-element-22c5384 elementor-widget elementor-widget-spacer\" data-id=\"22c5384\" data-element_type=\"widget\" data-widget_type=\"spacer.default\">\n\t\t\t\t<div class=\"elementor-widget-container\">\n\t\t\t\t\t<div class=\"elementor-spacer\">\n\t\t\t<div class=\"elementor-spacer-inner\"><\/div>\n\t\t<\/div>\n\t\t\t\t<\/div>\n\t\t\t\t<\/div>\n\t\t\t\t\t\t<\/div>\n\t\t\t\t\t<\/div>\n\t\t<\/div>\n\t\t\t\t\t\t\t\t<\/div>\n\t\t\t\t\t<\/div>\n\t\t<\/section>\n\t\t\t\t<section class=\"elementor-section elementor-top-section elementor-element elementor-element-91ff0da elementor-section-boxed elementor-section-height-default elementor-section-height-default\" data-id=\"91ff0da\" data-element_type=\"section\">\n\t\t\t\t\t\t<div class=\"elementor-container elementor-column-gap-default\">\n\t\t\t\t\t\t\t<div class=\"elementor-row\">\n\t\t\t\t\t<div class=\"elementor-column elementor-col-50 elementor-top-column elementor-element elementor-element-556d8da\" data-id=\"556d8da\" data-element_type=\"column\">\n\t\t\t<div class=\"elementor-column-wrap elementor-element-populated\">\n\t\t\t\t\t\t\t<div class=\"elementor-widget-wrap\">\n\t\t\t\t\t\t<div class=\"elementor-element elementor-element-84d1bfa elementor-widget elementor-widget-image\" data-id=\"84d1bfa\" data-element_type=\"widget\" data-widget_type=\"image.default\">\n\t\t\t\t<div class=\"elementor-widget-container\">\n\t\t\t\t\t\t\t\t<div class=\"elementor-image\">\n\t\t\t\t\t\t\t\t\t\t\t\t<img width=\"300\" height=\"308\" src=\"https:\/\/i0.wp.com\/dedraaien.nl\/wp-content\/uploads\/2021\/01\/GossenBos.jpg?fit=300%2C308&amp;ssl=1\" class=\"attachment-medium_large size-medium_large\" alt=\"\" loading=\"lazy\" srcset=\"https:\/\/i0.wp.com\/dedraaien.nl\/wp-content\/uploads\/2021\/01\/GossenBos.jpg?w=300&amp;ssl=1 300w, https:\/\/i0.wp.com\/dedraaien.nl\/wp-content\/uploads\/2021\/01\/GossenBos.jpg?resize=292%2C300&amp;ssl=1 292w, https:\/\/i0.wp.com\/dedraaien.nl\/wp-content\/uploads\/2021\/01\/GossenBos.jpg?resize=21%2C22&amp;ssl=1 21w, https:\/\/i0.wp.com\/dedraaien.nl\/wp-content\/uploads\/2021\/01\/GossenBos.jpg?resize=78%2C80&amp;ssl=1 78w, https:\/\/i0.wp.com\/dedraaien.nl\/wp-content\/uploads\/2021\/01\/GossenBos.jpg?resize=295%2C303&amp;ssl=1 295w\" sizes=\"(max-width: 300px) 100vw, 300px\" \/>\t\t\t\t\t\t\t\t\t\t\t\t\t\t<\/div>\n\t\t\t\t\t\t<\/div>\n\t\t\t\t<\/div>\n\t\t\t\t\t\t<\/div>\n\t\t\t\t\t<\/div>\n\t\t<\/div>\n\t\t\t\t<div class=\"elementor-column elementor-col-50 elementor-top-column elementor-element elementor-element-04dfd98\" data-id=\"04dfd98\" data-element_type=\"column\">\n\t\t\t<div class=\"elementor-column-wrap elementor-element-populated\">\n\t\t\t\t\t\t\t<div class=\"elementor-widget-wrap\">\n\t\t\t\t\t\t<div class=\"elementor-element elementor-element-c5ab00f elementor-widget elementor-widget-text-editor\" data-id=\"c5ab00f\" data-element_type=\"widget\" data-widget_type=\"text-editor.default\">\n\t\t\t\t<div class=\"elementor-widget-container\">\n\t\t\t\t\t\t\t\t<div class=\"elementor-text-editor elementor-clearfix\">\n\t\t\t\t\t<h3>\u00dcber mich<\/h3>\n<p style=\"font-weight: 400;\">Inhaber Gossen Bos wurde in Terschelling geboren und ist dort aufgewachsen. Ich kann sagen, dass ich sehr freundlich und gastfreundlich bin. Ich mag es, mit Menschen zu interagieren und ihnen viel \u00fcber Terschelling zu erz\u00e4hlen. Zuvor war ich immer ein unabh\u00e4ngiger Unternehmer auf Terschelling in einem Unternehmen aus den Bereichen Boden- und Wasserbau, Verkehr und Umwelt sowie Erdbewegung.<\/p>\n<p style=\"font-weight: 400;\">Seit 2003 bin ich Angestellter als Busfahrer bei Arriva on Terschelling und verbringe viel Zeit mit den vielen Touristen, die Terschelling besuchen.<\/p>\n\t\t\t\t\t<\/div>\n\t\t\t\t\t\t<\/div>\n\t\t\t\t<\/div>\n\t\t\t\t\t\t<\/div>\n\t\t\t\t\t<\/div>\n\t\t<\/div>\n\t\t\t\t\t\t\t\t<\/div>\n\t\t\t\t\t<\/div>\n\t\t<\/section>\n\t\t\t\t\t\t<\/div>\n\t\t\t\t\t\t<\/div>\n\t\t\t\t\t<\/div>\n\t\t","protected":false},"excerpt":{"rendered":"<p>DIE DREHUNGEN &#8211;&hellip;<\/p>\n","protected":false},"author":1,"featured_media":0,"parent":0,"menu_order":2,"comment_status":"closed","ping_status":"closed","template":"","meta":[],"_links":{"self":[{"href":"https:\/\/dedraaien.nl\/de\/wp-json\/wp\/v2\/pages\/635"}],"collection":[{"href":"https:\/\/dedraaien.nl\/de\/wp-json\/wp\/v2\/pages"}],"about":[{"href":"https:\/\/dedraaien.nl\/de\/wp-json\/wp\/v2\/types\/page"}],"author":[{"embeddable":true,"href":"https:\/\/dedraaien.nl\/de\/wp-json\/wp\/v2\/users\/1"}],"replies":[{"embeddable":true,"href":"https:\/\/dedraaien.nl\/de\/wp-json\/wp\/v2\/comments?post=635"}],"version-history":[{"count":63,"href":"https:\/\/dedraaien.nl\/de\/wp-json\/wp\/v2\/pages\/635\/revisions"}],"predecessor-version":[{"id":1161,"href":"https:\/\/dedraaien.nl\/de\/wp-json\/wp\/v2\/pages\/635\/revisions\/1161"}],"wp:attachment":[{"href":"https:\/\/dedraaien.nl\/de\/wp-json\/wp\/v2\/media?parent=635"}],"curies":[{"name":"wp","href":"https:\/\/api.w.org\/{rel}","templated":true}]}}